{"id":14,"date":"2020-08-03T03:07:06","date_gmt":"2020-08-03T03:07:06","guid":{"rendered":"http:\/\/esourcevolution.com\/?page_id=14"},"modified":"2023-08-21T14:57:51","modified_gmt":"2023-08-21T14:57:51","slug":"estrategia","status":"publish","type":"page","link":"https:\/\/esourcevolution.com\/eng\/estrategia\/","title":{"rendered":"Strategy"},"content":{"rendered":"<h2>ABOUT US<\/h2>\n<h2>Getting You Closer to the Future<\/h2>\n<h2>Mission<\/h2>\n<p>In Esource Evolution we strongly believe that catalyzing the transformation of businesses and their leaders, to become elite companies within their respective industries, while generating capital for further growth, and simultaneously fostering awareness and empathy towards the world around us, is a methodology that can bring about very significant changes in the lives of many animals in abandonment and abuse conditions. As leaders in project and business management consulting and advisory, we embrace values rooted in ethical and genuine leadership, transparency, honesty, and constant evolution, not only in terms of financial resources but also in aspects of the mind and understanding of ourselves, as our principles transcend business boundaries because we believe in the evolution of consciousness, not only as isolated individuals but primarily in how we relate to our environment. <br \/>Our goal is clear: to empower companies from all sectors that make from 10 ku$d to 100 ku$d monthly of revenue to lead their markets, multiply their profitability, and become agents of positive change. One aspect that sets us apart from the rest, is our exclusivity, as we intentionally limit the number of clients to provide personalized and focused attention that ensures results. Moreover, our triple-impact business model enables us, through the Animavi Foundation, to fund the development of projects dedicated to rescue for abandoned animals and conducting research and new solutions.<br \/>As we move forward, our long-term vision is clear and ambitious. We aim to expand to reach more companies in various regions and countries, spreading our philosophy of empathy and social and animal responsibility in every possible corner. At Esource Evolution, we are not only shaping successful businesses to face the challenges of the new era\u00b4s world, but also contributing to a more conscious and compassionate world, where we are united in the pursuit of business excellence and the well-being of enviroment around us through evolution and excellence.<\/p>\n<h2>Strategy<\/h2>\n<p>As an innovative and new generation company that provides tools and knowledge to achieve business expansion and enhance leadership attributes, we believe that the change of era we are going through, imposes the need to be decisive from both strategic and technical perspective. Moreover, it is essential to incorporate new key skill sets, such as understanding the human mind in business, emotions in individuals, and adaptability, especially in dynamic and challenging economic contexts.<br \/>At <strong>Esource Evolution<\/strong> we consider that our strategy is rooted in the vision of transforming the way businesses operate and thrive in the new business era. We embrace a holistic approach that combines financial success and business excellence with social responsibility and animal welfare. Our strategy unfolds across multiple dimensions to achieve a significant positive impact, uniting business excellence with social responsibility and innovation. We scale companies to reach their full potential through personalized guidance and innovative approaches, while maintaining a strong commitment to continuous evolution and agile adaptation to changing challenges. Simultaneously, we lead social transformation and animal welfare through our Animavi Foundation. Exclusivity and collaboration mark our strategy, building strong and empowering relationships. We look towards a global future, expanding to spread our values of excellence with empathy and provoking positive change in multiple regions, charting a path towards excellence and expansion.<\/p>\n<p>\t\t\t\t\t\t\t\t\t\t\t\t\t\t\t<img decoding=\"async\" width=\"966\" height=\"768\" src=\"http:\/\/esourcevolution.com\/wp-content\/uploads\/2023\/08\/WhatsApp-Image-2023-08-11-at-18.20.39.jpeg\" alt=\"\" loading=\"lazy\" srcset=\"https:\/\/esourcevolution.com\/wp-content\/uploads\/2023\/08\/WhatsApp-Image-2023-08-11-at-18.20.39.jpeg 966w, https:\/\/esourcevolution.com\/wp-content\/uploads\/2023\/08\/WhatsApp-Image-2023-08-11-at-18.20.39-600x477.jpeg 600w, https:\/\/esourcevolution.com\/wp-content\/uploads\/2023\/08\/WhatsApp-Image-2023-08-11-at-18.20.39-300x239.jpeg 300w, https:\/\/esourcevolution.com\/wp-content\/uploads\/2023\/08\/WhatsApp-Image-2023-08-11-at-18.20.39-768x611.jpeg 768w, https:\/\/esourcevolution.com\/wp-content\/uploads\/2023\/08\/WhatsApp-Image-2023-08-11-at-18.20.39-15x12.jpeg 15w\" sizes=\"(max-width: 966px) 100vw, 966px\" \/>\t\t\t\t\t\t\t\t\t\t\t\t\t\t\t<\/p>\n<h2>Gaspar Giroto<\/h2>\n<h2>Founder at Esource Evolution<\/h2>\n<p>An engineer by profession with near 10-years track record in the Oil and Gas Industry, performing various roles across four different international-scale companies. In the latter part of his career, he held the position of Project Leader at Vista Energy for Tomorrow, leading the end-to-end project execution cycle, with its featured project which is Vaca Muerta Unconventional. This project had a budget of 600 MMu$d in its final year and involved over 2000 workers (directly and indirectly). Notably, his passion for animals shines through as a vocation, leading him to seek a convergence between their profession and their calling. This led to the establishment of Esource Evolution, a firm with a triple-impact business model that helps to finance abandoned animal care and protection projects through the Animavi Foundation<\/p>","protected":false},"excerpt":{"rendered":"<p>SOBRE NOSOTROS Acercandote hacia el Futuro Mision En Esource Evolution creemos fuertemente que catalizar la transformaci\u00f3n de las empresas y quienes las lideran, para convertirse en compa\u00f1\u00edas de \u00e9lite dentro de sus respectivas industrias, mientras que generamos capital para seguir creciendo y al mismo tiempo fomentamos la conciencia y la empat\u00eda hacia el mundo que [&hellip;]<\/p>","protected":false},"author":2,"featured_media":0,"parent":0,"menu_order":0,"comment_status":"closed","ping_status":"closed","template":"","meta":{"footnotes":""},"class_list":["post-14","page","type-page","status-publish","hentry","entry","owp-thumbs-layout-horizontal","owp-btn-normal","owp-tabs-layout-horizontal","has-no-thumbnails","has-product-nav"],"yoast_head":"<!-- This site is optimized with the Yoast SEO plugin v21.1 - https:\/\/yoast.com\/wordpress\/plugins\/seo\/ -->\n<title>Estrategia - Esource Evolution<\/title>\n<meta name=\"robots\" content=\"index, follow, max-snippet:-1, max-image-preview:large, max-video-preview:-1\" \/>\n<link rel=\"canonical\" href=\"https:\/\/esourcevolution.com\/eng\/estrategia\/\" \/>\n<meta property=\"og:locale\" content=\"en_US\" \/>\n<meta property=\"og:type\" content=\"article\" \/>\n<meta property=\"og:title\" content=\"Estrategia - Esource Evolution\" \/>\n<meta property=\"og:description\" content=\"SOBRE NOSOTROS Acercandote hacia el Futuro Mision En Esource Evolution creemos fuertemente que catalizar la transformaci\u00f3n de las empresas y quienes las lideran, para convertirse en compa\u00f1\u00edas de \u00e9lite dentro de sus respectivas industrias, mientras que generamos capital para seguir creciendo y al mismo tiempo fomentamos la conciencia y la empat\u00eda hacia el mundo que [&hellip;]\" \/>\n<meta property=\"og:url\" content=\"https:\/\/esourcevolution.com\/eng\/estrategia\/\" \/>\n<meta property=\"og:site_name\" content=\"Esource Evolution\" \/>\n<meta property=\"article:modified_time\" content=\"2023-08-21T14:57:51+00:00\" \/>\n<meta property=\"og:image\" content=\"http:\/\/esourcevolution.com\/wp-content\/uploads\/2023\/08\/WhatsApp-Image-2023-08-11-at-18.20.39.jpeg\" \/>\n<meta name=\"twitter:card\" content=\"summary_large_image\" \/>\n<meta name=\"twitter:label1\" content=\"Est. reading time\" \/>\n\t<meta name=\"twitter:data1\" content=\"4 minutes\" \/>\n<script type=\"application\/ld+json\" class=\"yoast-schema-graph\">{\"@context\":\"https:\/\/schema.org\",\"@graph\":[{\"@type\":\"WebPage\",\"@id\":\"https:\/\/esourcevolution.com\/estrategia\/\",\"url\":\"https:\/\/esourcevolution.com\/estrategia\/\",\"name\":\"Estrategia - Esource Evolution\",\"isPartOf\":{\"@id\":\"https:\/\/esourcevolution.com\/#website\"},\"datePublished\":\"2020-08-03T03:07:06+00:00\",\"dateModified\":\"2023-08-21T14:57:51+00:00\",\"breadcrumb\":{\"@id\":\"https:\/\/esourcevolution.com\/estrategia\/#breadcrumb\"},\"inLanguage\":\"en-US\",\"potentialAction\":[{\"@type\":\"ReadAction\",\"target\":[\"https:\/\/esourcevolution.com\/estrategia\/\"]}]},{\"@type\":\"BreadcrumbList\",\"@id\":\"https:\/\/esourcevolution.com\/estrategia\/#breadcrumb\",\"itemListElement\":[{\"@type\":\"ListItem\",\"position\":1,\"name\":\"Inicio\",\"item\":\"https:\/\/esourcevolution.com\/\"},{\"@type\":\"ListItem\",\"position\":2,\"name\":\"Estrategia\"}]},{\"@type\":\"WebSite\",\"@id\":\"https:\/\/esourcevolution.com\/#website\",\"url\":\"https:\/\/esourcevolution.com\/\",\"name\":\"Esource Evolution\",\"description\":\"\",\"publisher\":{\"@id\":\"https:\/\/esourcevolution.com\/#organization\"},\"potentialAction\":[{\"@type\":\"SearchAction\",\"target\":{\"@type\":\"EntryPoint\",\"urlTemplate\":\"https:\/\/esourcevolution.com\/?s={search_term_string}\"},\"query-input\":\"required name=search_term_string\"}],\"inLanguage\":\"en-US\"},{\"@type\":\"Organization\",\"@id\":\"https:\/\/esourcevolution.com\/#organization\",\"name\":\"Esource Evolution\",\"url\":\"https:\/\/esourcevolution.com\/\",\"logo\":{\"@type\":\"ImageObject\",\"inLanguage\":\"en-US\",\"@id\":\"https:\/\/esourcevolution.com\/#\/schema\/logo\/image\/\",\"url\":\"https:\/\/esourcevolution.com\/wp-content\/uploads\/2023\/07\/cropped-logo-sin-fondo.png\",\"contentUrl\":\"https:\/\/esourcevolution.com\/wp-content\/uploads\/2023\/07\/cropped-logo-sin-fondo.png\",\"width\":1430,\"height\":336,\"caption\":\"Esource Evolution\"},\"image\":{\"@id\":\"https:\/\/esourcevolution.com\/#\/schema\/logo\/image\/\"}}]}<\/script>\n<!-- \/ Yoast SEO plugin. -->","yoast_head_json":{"title":"Estrategia - Esource Evolution","robots":{"index":"index","follow":"follow","max-snippet":"max-snippet:-1","max-image-preview":"max-image-preview:large","max-video-preview":"max-video-preview:-1"},"canonical":"https:\/\/esourcevolution.com\/eng\/estrategia\/","og_locale":"en_US","og_type":"article","og_title":"Estrategia - Esource Evolution","og_description":"SOBRE NOSOTROS Acercandote hacia el Futuro Mision En Esource Evolution creemos fuertemente que catalizar la transformaci\u00f3n de las empresas y quienes las lideran, para convertirse en compa\u00f1\u00edas de \u00e9lite dentro de sus respectivas industrias, mientras que generamos capital para seguir creciendo y al mismo tiempo fomentamos la conciencia y la empat\u00eda hacia el mundo que [&hellip;]","og_url":"https:\/\/esourcevolution.com\/eng\/estrategia\/","og_site_name":"Esource Evolution","article_modified_time":"2023-08-21T14:57:51+00:00","og_image":[{"url":"http:\/\/esourcevolution.com\/wp-content\/uploads\/2023\/08\/WhatsApp-Image-2023-08-11-at-18.20.39.jpeg"}],"twitter_card":"summary_large_image","twitter_misc":{"Est. reading time":"4 minutes"},"schema":{"@context":"https:\/\/schema.org","@graph":[{"@type":"WebPage","@id":"https:\/\/esourcevolution.com\/estrategia\/","url":"https:\/\/esourcevolution.com\/estrategia\/","name":"Estrategia - Esource Evolution","isPartOf":{"@id":"https:\/\/esourcevolution.com\/#website"},"datePublished":"2020-08-03T03:07:06+00:00","dateModified":"2023-08-21T14:57:51+00:00","breadcrumb":{"@id":"https:\/\/esourcevolution.com\/estrategia\/#breadcrumb"},"inLanguage":"en-US","potentialAction":[{"@type":"ReadAction","target":["https:\/\/esourcevolution.com\/estrategia\/"]}]},{"@type":"BreadcrumbList","@id":"https:\/\/esourcevolution.com\/estrategia\/#breadcrumb","itemListElement":[{"@type":"ListItem","position":1,"name":"Inicio","item":"https:\/\/esourcevolution.com\/"},{"@type":"ListItem","position":2,"name":"Estrategia"}]},{"@type":"WebSite","@id":"https:\/\/esourcevolution.com\/#website","url":"https:\/\/esourcevolution.com\/","name":"Esource Evolution","description":"","publisher":{"@id":"https:\/\/esourcevolution.com\/#organization"},"potentialAction":[{"@type":"SearchAction","target":{"@type":"EntryPoint","urlTemplate":"https:\/\/esourcevolution.com\/?s={search_term_string}"},"query-input":"required name=search_term_string"}],"inLanguage":"en-US"},{"@type":"Organization","@id":"https:\/\/esourcevolution.com\/#organization","name":"Esource Evolution","url":"https:\/\/esourcevolution.com\/","logo":{"@type":"ImageObject","inLanguage":"en-US","@id":"https:\/\/esourcevolution.com\/#\/schema\/logo\/image\/","url":"https:\/\/esourcevolution.com\/wp-content\/uploads\/2023\/07\/cropped-logo-sin-fondo.png","contentUrl":"https:\/\/esourcevolution.com\/wp-content\/uploads\/2023\/07\/cropped-logo-sin-fondo.png","width":1430,"height":336,"caption":"Esource Evolution"},"image":{"@id":"https:\/\/esourcevolution.com\/#\/schema\/logo\/image\/"}}]}},"_links":{"self":[{"href":"https:\/\/esourcevolution.com\/eng\/wp-json\/wp\/v2\/pages\/14"}],"collection":[{"href":"https:\/\/esourcevolution.com\/eng\/wp-json\/wp\/v2\/pages"}],"about":[{"href":"https:\/\/esourcevolution.com\/eng\/wp-json\/wp\/v2\/types\/page"}],"author":[{"embeddable":true,"href":"https:\/\/esourcevolution.com\/eng\/wp-json\/wp\/v2\/users\/2"}],"replies":[{"embeddable":true,"href":"https:\/\/esourcevolution.com\/eng\/wp-json\/wp\/v2\/comments?post=14"}],"version-history":[{"count":40,"href":"https:\/\/esourcevolution.com\/eng\/wp-json\/wp\/v2\/pages\/14\/revisions"}],"predecessor-version":[{"id":1244,"href":"https:\/\/esourcevolution.com\/eng\/wp-json\/wp\/v2\/pages\/14\/revisions\/1244"}],"wp:attachment":[{"href":"https:\/\/esourcevolution.com\/eng\/wp-json\/wp\/v2\/media?parent=14"}],"curies":[{"name":"wp","href":"https:\/\/api.w.org\/{rel}","templated":true}]}}