{"id":1056,"date":"2023-08-08T04:29:27","date_gmt":"2023-08-08T04:29:27","guid":{"rendered":"https:\/\/esourcevolution.com\/?page_id=1056"},"modified":"2023-08-15T03:33:15","modified_gmt":"2023-08-15T03:33:15","slug":"terminos-y-condiciones","status":"publish","type":"page","link":"https:\/\/esourcevolution.com\/eng\/terminos-y-condiciones\/","title":{"rendered":"Terminos y Condiciones"},"content":{"rendered":"<h2>T\u00e9rminos y Condiciones para el Servicio de Asesoramiento en Destreza Empresarial<\/h2>\n<ol>\n<li><strong> Descripci\u00f3n del Servicio:<\/strong><\/li>\n<\/ol>\n<p>El servicio de asesoramiento en destreza empresarial ofrecido por Esource Evolution, tiene una duraci\u00f3n total de 25 semanas, de acuerdo con la siguiente distribuci\u00f3n:<\/p>\n<ul>\n<li><strong><u>Primeras 12 semanas<\/u>:<\/strong> Clases virtuales intensivas de asesoramiento en destreza empresarial, en las que profundizaremos el contenido de los 6 pilares fundamentales, manteniendo una carga horaria de 4 horas por semana (2 clases de 2 horas c\/u, d\u00edas y horarios a definir), es decir un total de 48 horas al finalizar esta instancia. La modalidad ser\u00e1 de manera online mediante reuniones v\u00eda zoom, aunque mantendremos la posibilidad de que el mentor que dicte el asesoramiento, solicite realizar reuniones presenciales (lugar a definir seg\u00fan conveniencia) en caso de considerarlo necesario, previo a consenso y com\u00fan acuerdo entre las partes.<\/li>\n<li><strong><u>Semana 13:<\/u><\/strong> Ser\u00e1 la semana de receso de clases y de preparaci\u00f3n para la \u201cEtapa de Implementaci\u00f3n.<\/li>\n<li><strong><u>\u00daltimas 12 semanas (de la 14 a la 25)<\/u>:<\/strong> Este intervalo de tiempo corresponde a la \u201cEtapa de Implementaci\u00f3n\u201d, es la etapa en la que se terminar\u00e1n de definir e implementar todos los cambios estrat\u00e9gicos que se hayan madurado durante las primeras 12 semanas. Cada empresario\/comerciante debe cumplir con el proceso iterativo de mejora continua (identificar, planificar, implementar, verificar, medir y ajustar nuevamente), hasta lograr la asimilaci\u00f3n completa de las nuevas estrategias y metodolog\u00edas en la organizaci\u00f3n, entonces en esta instancia se mantendr\u00e1 una sesi\u00f3n individual con cada empresario\/a de 1 hora, una vez por semana (d\u00eda y horario a definir). En estas sesiones el mentor continuar\u00e1 dando soporte en cualquiera de los temas abordados durante el asesoramiento, o en el proceso de implementaci\u00f3n, con el fin de ayudar a que los cambios corporativos puedan llevarse a cabo de manera efectiva y se puedan ver resultados lo antes posible.<\/li>\n<\/ul>\n<ol start=\"2\">\n<li><strong> Pago y Facturaci\u00f3n:<\/strong><\/li>\n<\/ol>\n<p>2.1. Al realizar el pago, el cliente acepta los t\u00e9rminos y condiciones aqu\u00ed detalladas.<\/p>\n<p>2.2. El cliente debe abonar el costo total del servicio antes del inicio del programa de asesoramiento, mediante las modalidades de pago detalladas en la p\u00e1gina web, o a trav\u00e9s de transferencia bancaria a la cuenta que indiquen desde la administraci\u00f3n de Esource Evolution.<\/p>\n<p>2.3. Una vez concluida la totalidad del pago, Esource Evolution est\u00e1 en condiciones de emitir la factura por el servicio correspondiente.<\/p>\n<p>2.4. En caso de cancelaci\u00f3n por parte del cliente, aplicar\u00e1n las pol\u00edticas de reembolso seg\u00fan lo establecido en la secci\u00f3n 4 (Cancelaci\u00f3n y Reembolso).<\/p>\n<ol start=\"3\">\n<li><strong> Propiedad Intelectual:<\/strong><\/li>\n<\/ol>\n<p>3.1. Todo el material proporcionado durante el asesoramiento de 25 semanas, incluidos documentos, presentaciones y recursos o estrategias, son propiedad de Esource Evolution, con lo cual est\u00e1 prohibido que el cliente pueda reproducir en otros lugares ajenos a su propia organizaci\u00f3n o equipo de trabajo, piratear, distribuir o utilizar de cualquier manera no autorizada el material proporcionado por Esource Evolution.<\/p>\n<ol start=\"4\">\n<li><strong> Cancelaci\u00f3n y Reembolso:<\/strong><\/li>\n<\/ol>\n<p>4.1. Una vez que se ha efectuado el pago, el cliente puede solicitar la cancelaci\u00f3n del servicio siempre y cuando sea ANTES del inicio del asesoramiento, sujeto a una tarifa de cancelaci\u00f3n del 50% del costo total (es decir, se le devuelve al cliente la mitad del dinero).<\/p>\n<p>4.2. No se realizar\u00e1n reembolsos una vez que ya se haya iniciado el asesoramiento en destreza empresarial.<\/p>\n<ol start=\"5\">\n<li><strong> Opci\u00f3n de Alianza Temporal con Esource Evolution:<\/strong><\/li>\n<\/ol>\n<p>5.1. Al momento de realizar el pago del asesoramiento, el cliente tiene la opci\u00f3n de <u>aliarse temporalmente con Esource Evolution<\/u> al finalizar el asesoramiento de 25 semanas, por las siguientes 25 semanas (es decir, hasta la semana 50), con el beneficio de obtener un 80% de descuento.<\/p>\n<p>5.2. En caso de <u>optar por la opci\u00f3n de <strong>Alianza Temporal de 25 semanas <\/strong>con Esource Evolution, el cliente ACEPTA transferir el 50% del <strong>EXTRA<\/strong> flujo de caja generado por su empresa o negocio a partir de la semana 25, y durante las pr\u00f3ximas 25 semanas (aproximadamente <strong>6 meses<\/strong>)<\/u>.<\/p>\n<p>5.3. El pago del 50% del EXTRA flujo de caja, se realizar\u00e1 de manera mensual y se pagar\u00e1 hasta m\u00e1ximo el d\u00eda 15 de cada mes (es decir que, hasta m\u00e1ximo el 15 de cada mes corresponder\u00eda el pago del mes anterior), y se calcular\u00e1 como el 50% del incremento neto en el flujo de caja de la compa\u00f1\u00eda tomando como referencia base, el valor de la <u>l\u00ednea base calculada<\/u>.<\/p>\n<p><strong><u>L\u00ednea Base calculada<\/u>:<\/strong> Durante el per\u00edodo de asesoramiento de las primeras 12 semanas (equivalente a aproximadamente <strong>3 meses<\/strong>), relevaremos el status financiero de la empresa o negocio de cada cliente y se en conjunto se llevar\u00e1 a cabo un c\u00e1lculo detallado mensual del flujo de caja para cada caso. Una vez obtenidos estos 3 valores, se har\u00e1 el promedio y as\u00ed es como obtendremos el valor de la LINEA BASE. Este c\u00e1lculo se basar\u00e1 en el promedio de las ganancias netas generadas durante ese lapso de tiempo (primeras 12 semanas). Aunque la empresa facture en moneda local, todas las cifras se convertir\u00e1n a d\u00f3lares estadounidenses tomando dicha moneda como referencia para estas operaciones, ya que el pago a Esource Evolution se realizar\u00e1 en d\u00f3lares estadounidenses. Este enfoque permitir\u00e1 establecer una l\u00ednea base que va a permitir cuantificar el \u201cEXTRA\u201d rendimiento de la empresa como resultado de todas las acciones y nuevas estrategias adquiridas COMO CONSECUENCIA del asesoramiento en destreza empresarial, midiendo su impacto positivo en el flujo de caja de la compa\u00f1\u00eda. A continuaci\u00f3n un ejemplo:<\/p>\n<p><strong><u>EJEMPLO<\/u>:<\/strong> La empresa genera de ganancia neta el MES 1=u$d 1000 \/ MES 2=u$d 1250 \/ MES 3=u$d 750, entonces el promedio de esos 3 valores (<strong>l\u00ednea Base<\/strong>) va a ser <strong>u$d 1000. <\/strong>Esto quiere decir que, por ejemplo si el MES 4 la empresa genera un flujo de caja de u$d 1500, el monto <strong>EXTRA<\/strong> generado respecto a la l\u00ednea base es de <strong>u$d 500<\/strong>, entonces <u>u$d 250<\/u> corresponden a Esource Evolution en concepto de honorarios (el 50% del EXTRA cash flow). \u00a0Este beneficio refleja una metodolog\u00eda win-win en la cual ambas partes son beneficiadas por el impacto positivo del asesoramiento, pero sobre todo ayuda a desarrollar un objetivo en com\u00fan, en el cual mayores resultados producen mayores ganancias para ambos jugadores. A su vez, Esource Evolution destinar\u00e1 un <strong>25%<\/strong> de ese capital recibido a la Fundaci\u00f3n <strong>\u201cAnimavi\u201d<\/strong>, <strong><u>que financia y gestiona proyectos de cuidado y protecci\u00f3n de animales abandonados<\/u><\/strong>.<\/p>\n<p>5.4. En caso de no llegar a completarse en su totalidad un mes (es decir, que por ejemplo las 25 semanas de alianza temporal finalicen un 10 de Agosto), el pago del 50% del flujo de caja \u201cextra\u201d, se calcular\u00e1 de manera proporcional al per\u00edodo transcurrido de la siguiente manera:<\/p>\n<p><strong>[Valor a abonar = (10\/30.44) x extra flujo de caja mes de Agosto]<\/strong>, en donde 10 es el d\u00eda de Agosto en el que finalizan las 25 semanas de alianza temporal, y 30.44 es el promedio de d\u00edas que tienen los 12 meses de a\u00f1o calendario.<\/p>\n<p>5.5. Durante las 25 semanas que dure la Alianza temporal con Esource Evolution, el cliente se compromete a tener una reuni\u00f3n mensual de seguimiento con el mentor de 1 hora, preferentemente al cierre de mes, previo a realizar el pago en concepto de honorarios del 50% del flujo de caja extra.<\/p>\n<ol start=\"6\">\n<li><strong> Uso de Informaci\u00f3n y Contenido Compartido:<\/strong><\/li>\n<\/ol>\n<p>6.1. Esource Evolution se reserva el derecho de utilizar informaci\u00f3n, datos y\/o contenido compartido por el cliente durante el transcurso del asesoramiento, siempre en t\u00e9rminos de buena Fe y con el prop\u00f3sito de mejorar el desempe\u00f1o y\/o potenciar a todos sus clientes para alcanzar mejores resultados.<\/p>\n<p>6.2. Esource Evolution tiene el derecho de publicar im\u00e1genes y\/o hacer publicidad con las sesiones de asesoramiento que se vayan desarrollando, sin la obligaci\u00f3n de efectuar pagos por dichas im\u00e1genes ya sea por derechos de imagen, endoso de imagen o endoso de rostro.<\/p>\n<p>6.3. Esource Evolution puede \u00a0solicitar testimonios de los clientes que han experimentado los resultados esperados, sujetos a la aceptaci\u00f3n de los mismos. Estos testimonios podr\u00e1n ser utilizados con fines promocionales pero adem\u00e1s, para dar fe del buen resultado que se puede lograr con el asesoramiento en destreza empresarial.<\/p>\n<ol start=\"7\">\n<li><strong> Legislaci\u00f3n Aplicable y Jurisdicci\u00f3n:<\/strong><\/li>\n<\/ol>\n<p>Este acuerdo se regir\u00e1 y ser\u00e1 interpretado de acuerdo con las leyes del estado de Estados Unidos, donde est\u00e1 registrada la empresa Esource Evolution, sin tener en cuenta sus conflictos de principios legales. Cualquier disputa relacionada con este acuerdo estar\u00e1 sujeta a la jurisdicci\u00f3n exclusiva de los tribunales competentes en el estado de Delaware, Estados Unidos.<\/p>","protected":false},"excerpt":{"rendered":"<p>T\u00e9rminos y Condiciones para el Servicio de Asesoramiento en Destreza Empresarial Descripci\u00f3n del Servicio: El servicio de asesoramiento en destreza empresarial ofrecido por Esource Evolution, tiene una duraci\u00f3n total de 25 semanas, de acuerdo con la siguiente distribuci\u00f3n: Primeras 12 semanas: Clases virtuales intensivas de asesoramiento en destreza empresarial, en las que profundizaremos el contenido [&hellip;]<\/p>","protected":false},"author":3,"featured_media":0,"parent":0,"menu_order":0,"comment_status":"closed","ping_status":"closed","template":"","meta":{"footnotes":""},"class_list":["post-1056","page","type-page","status-publish","hentry","entry","owp-thumbs-layout-horizontal","owp-btn-normal","owp-tabs-layout-horizontal","has-no-thumbnails","has-product-nav"],"yoast_head":"<!-- This site is optimized with the Yoast SEO plugin v21.1 - https:\/\/yoast.com\/wordpress\/plugins\/seo\/ -->\n<title>Terminos y Condiciones - Esource Evolution<\/title>\n<meta name=\"robots\" content=\"index, follow, max-snippet:-1, max-image-preview:large, max-video-preview:-1\" \/>\n<link rel=\"canonical\" href=\"https:\/\/esourcevolution.com\/eng\/terminos-y-condiciones\/\" \/>\n<meta property=\"og:locale\" content=\"en_US\" \/>\n<meta property=\"og:type\" content=\"article\" \/>\n<meta property=\"og:title\" content=\"Terminos y Condiciones - Esource Evolution\" \/>\n<meta property=\"og:description\" content=\"T\u00e9rminos y Condiciones para el Servicio de Asesoramiento en Destreza Empresarial Descripci\u00f3n del Servicio: El servicio de asesoramiento en destreza empresarial ofrecido por Esource Evolution, tiene una duraci\u00f3n total de 25 semanas, de acuerdo con la siguiente distribuci\u00f3n: Primeras 12 semanas: Clases virtuales intensivas de asesoramiento en destreza empresarial, en las que profundizaremos el contenido [&hellip;]\" \/>\n<meta property=\"og:url\" content=\"https:\/\/esourcevolution.com\/eng\/terminos-y-condiciones\/\" \/>\n<meta property=\"og:site_name\" content=\"Esource Evolution\" \/>\n<meta property=\"article:modified_time\" content=\"2023-08-15T03:33:15+00:00\" \/>\n<meta name=\"twitter:card\" content=\"summary_large_image\" \/>\n<meta name=\"twitter:label1\" content=\"Est. reading time\" \/>\n\t<meta name=\"twitter:data1\" content=\"7 minutes\" \/>\n<script type=\"application\/ld+json\" class=\"yoast-schema-graph\">{\"@context\":\"https:\/\/schema.org\",\"@graph\":[{\"@type\":\"WebPage\",\"@id\":\"https:\/\/esourcevolution.com\/terminos-y-condiciones\/\",\"url\":\"https:\/\/esourcevolution.com\/terminos-y-condiciones\/\",\"name\":\"Terminos y Condiciones - Esource Evolution\",\"isPartOf\":{\"@id\":\"https:\/\/esourcevolution.com\/#website\"},\"datePublished\":\"2023-08-08T04:29:27+00:00\",\"dateModified\":\"2023-08-15T03:33:15+00:00\",\"breadcrumb\":{\"@id\":\"https:\/\/esourcevolution.com\/terminos-y-condiciones\/#breadcrumb\"},\"inLanguage\":\"en-US\",\"potentialAction\":[{\"@type\":\"ReadAction\",\"target\":[\"https:\/\/esourcevolution.com\/terminos-y-condiciones\/\"]}]},{\"@type\":\"BreadcrumbList\",\"@id\":\"https:\/\/esourcevolution.com\/terminos-y-condiciones\/#breadcrumb\",\"itemListElement\":[{\"@type\":\"ListItem\",\"position\":1,\"name\":\"Inicio\",\"item\":\"https:\/\/esourcevolution.com\/\"},{\"@type\":\"ListItem\",\"position\":2,\"name\":\"Terminos y Condiciones\"}]},{\"@type\":\"WebSite\",\"@id\":\"https:\/\/esourcevolution.com\/#website\",\"url\":\"https:\/\/esourcevolution.com\/\",\"name\":\"Esource Evolution\",\"description\":\"\",\"publisher\":{\"@id\":\"https:\/\/esourcevolution.com\/#organization\"},\"potentialAction\":[{\"@type\":\"SearchAction\",\"target\":{\"@type\":\"EntryPoint\",\"urlTemplate\":\"https:\/\/esourcevolution.com\/?s={search_term_string}\"},\"query-input\":\"required name=search_term_string\"}],\"inLanguage\":\"en-US\"},{\"@type\":\"Organization\",\"@id\":\"https:\/\/esourcevolution.com\/#organization\",\"name\":\"Esource Evolution\",\"url\":\"https:\/\/esourcevolution.com\/\",\"logo\":{\"@type\":\"ImageObject\",\"inLanguage\":\"en-US\",\"@id\":\"https:\/\/esourcevolution.com\/#\/schema\/logo\/image\/\",\"url\":\"https:\/\/esourcevolution.com\/wp-content\/uploads\/2023\/07\/cropped-logo-sin-fondo.png\",\"contentUrl\":\"https:\/\/esourcevolution.com\/wp-content\/uploads\/2023\/07\/cropped-logo-sin-fondo.png\",\"width\":1430,\"height\":336,\"caption\":\"Esource Evolution\"},\"image\":{\"@id\":\"https:\/\/esourcevolution.com\/#\/schema\/logo\/image\/\"}}]}<\/script>\n<!-- \/ Yoast SEO plugin. -->","yoast_head_json":{"title":"Terminos y Condiciones - Esource Evolution","robots":{"index":"index","follow":"follow","max-snippet":"max-snippet:-1","max-image-preview":"max-image-preview:large","max-video-preview":"max-video-preview:-1"},"canonical":"https:\/\/esourcevolution.com\/eng\/terminos-y-condiciones\/","og_locale":"en_US","og_type":"article","og_title":"Terminos y Condiciones - Esource Evolution","og_description":"T\u00e9rminos y Condiciones para el Servicio de Asesoramiento en Destreza Empresarial Descripci\u00f3n del Servicio: El servicio de asesoramiento en destreza empresarial ofrecido por Esource Evolution, tiene una duraci\u00f3n total de 25 semanas, de acuerdo con la siguiente distribuci\u00f3n: Primeras 12 semanas: Clases virtuales intensivas de asesoramiento en destreza empresarial, en las que profundizaremos el contenido [&hellip;]","og_url":"https:\/\/esourcevolution.com\/eng\/terminos-y-condiciones\/","og_site_name":"Esource Evolution","article_modified_time":"2023-08-15T03:33:15+00:00","twitter_card":"summary_large_image","twitter_misc":{"Est. reading time":"7 minutes"},"schema":{"@context":"https:\/\/schema.org","@graph":[{"@type":"WebPage","@id":"https:\/\/esourcevolution.com\/terminos-y-condiciones\/","url":"https:\/\/esourcevolution.com\/terminos-y-condiciones\/","name":"Terminos y Condiciones - Esource Evolution","isPartOf":{"@id":"https:\/\/esourcevolution.com\/#website"},"datePublished":"2023-08-08T04:29:27+00:00","dateModified":"2023-08-15T03:33:15+00:00","breadcrumb":{"@id":"https:\/\/esourcevolution.com\/terminos-y-condiciones\/#breadcrumb"},"inLanguage":"en-US","potentialAction":[{"@type":"ReadAction","target":["https:\/\/esourcevolution.com\/terminos-y-condiciones\/"]}]},{"@type":"BreadcrumbList","@id":"https:\/\/esourcevolution.com\/terminos-y-condiciones\/#breadcrumb","itemListElement":[{"@type":"ListItem","position":1,"name":"Inicio","item":"https:\/\/esourcevolution.com\/"},{"@type":"ListItem","position":2,"name":"Terminos y Condiciones"}]},{"@type":"WebSite","@id":"https:\/\/esourcevolution.com\/#website","url":"https:\/\/esourcevolution.com\/","name":"Esource Evolution","description":"","publisher":{"@id":"https:\/\/esourcevolution.com\/#organization"},"potentialAction":[{"@type":"SearchAction","target":{"@type":"EntryPoint","urlTemplate":"https:\/\/esourcevolution.com\/?s={search_term_string}"},"query-input":"required name=search_term_string"}],"inLanguage":"en-US"},{"@type":"Organization","@id":"https:\/\/esourcevolution.com\/#organization","name":"Esource Evolution","url":"https:\/\/esourcevolution.com\/","logo":{"@type":"ImageObject","inLanguage":"en-US","@id":"https:\/\/esourcevolution.com\/#\/schema\/logo\/image\/","url":"https:\/\/esourcevolution.com\/wp-content\/uploads\/2023\/07\/cropped-logo-sin-fondo.png","contentUrl":"https:\/\/esourcevolution.com\/wp-content\/uploads\/2023\/07\/cropped-logo-sin-fondo.png","width":1430,"height":336,"caption":"Esource Evolution"},"image":{"@id":"https:\/\/esourcevolution.com\/#\/schema\/logo\/image\/"}}]}},"_links":{"self":[{"href":"https:\/\/esourcevolution.com\/eng\/wp-json\/wp\/v2\/pages\/1056"}],"collection":[{"href":"https:\/\/esourcevolution.com\/eng\/wp-json\/wp\/v2\/pages"}],"about":[{"href":"https:\/\/esourcevolution.com\/eng\/wp-json\/wp\/v2\/types\/page"}],"author":[{"embeddable":true,"href":"https:\/\/esourcevolution.com\/eng\/wp-json\/wp\/v2\/users\/3"}],"replies":[{"embeddable":true,"href":"https:\/\/esourcevolution.com\/eng\/wp-json\/wp\/v2\/comments?post=1056"}],"version-history":[{"count":10,"href":"https:\/\/esourcevolution.com\/eng\/wp-json\/wp\/v2\/pages\/1056\/revisions"}],"predecessor-version":[{"id":1211,"href":"https:\/\/esourcevolution.com\/eng\/wp-json\/wp\/v2\/pages\/1056\/revisions\/1211"}],"wp:attachment":[{"href":"https:\/\/esourcevolution.com\/eng\/wp-json\/wp\/v2\/media?parent=1056"}],"curies":[{"name":"wp","href":"https:\/\/api.w.org\/{rel}","templated":true}]}}